{"id":12,"date":"2023-02-21T04:34:44","date_gmt":"2023-02-21T04:34:44","guid":{"rendered":"https:\/\/loewen-urnau.de\/?page_id=12"},"modified":"2023-02-21T04:34:44","modified_gmt":"2023-02-21T04:34:44","slug":"impressum","status":"publish","type":"page","link":"https:\/\/loewen-urnau.de\/?page_id=12","title":{"rendered":"Impressum"},"content":{"rendered":"\n<p><strong>Anbieterkennzeichnung<\/strong><\/p>\n\n\n\n<p>L\u00f6wen Urnau<br><em>Inhaber: Joseph Zurell<\/em><br><em>Hohreuteweg 3<\/em><br><em>88693 Urnau (Deggenhausertal)<\/em><br>Tel. 0 75 55 \/ 2 22<br>E-Mail: info(at)loewen-urnau.de<br>Homepage:www.loewen-urnau.de<\/p>\n\n\n\n<p>Angabe gem\u00e4\u00df \u00a76 Anbieterkennzeichnung des TDG (Teledienstgesetz)<\/p>\n\n\n\n<p>Haftungshinweis: Trotz sorgf\u00e4ltiger inhaltlicher Kontrolle \u00fcbernehmen wir keine Haftung f\u00fcr die Inhalte externer Links. F\u00fcr den Inhalt der verlinkten Seiten sind ausschlie\u00dflich deren Betreiber verantwortlich.<\/p>\n","protected":false},"excerpt":{"rendered":"<p>Anbieterkennzeichnung L\u00f6wen UrnauInhaber: Joseph ZurellHohreuteweg 388693 Urnau (Deggenhausertal)Tel. 0 75 55 \/ 2 22E-Mail: info(at)loewen-urnau.deHomepage:www.loewen-urnau.de Angabe gem\u00e4\u00df \u00a76 Anbieterkennzeichnung des TDG (Teledienstgesetz) Haftungshinweis: Trotz sorgf\u00e4ltiger inhaltlicher Kontrolle \u00fcbernehmen wir keine Haftung f\u00fcr die Inhalte externer Links. F\u00fcr den Inhalt der &hellip;<\/p>\n<p class=\"read-more\"> <a class=\"more-link\" href=\"https:\/\/loewen-urnau.de\/?page_id=12\"> <span class=\"screen-reader-text\">Impressum<\/span> Weiterlesen &raquo;<\/a><\/p>\n","protected":false},"author":1,"featured_media":0,"parent":0,"menu_order":0,"comment_status":"closed","ping_status":"closed","template":"","meta":{"footnotes":""},"class_list":["post-12","page","type-page","status-publish","hentry"],"_links":{"self":[{"href":"https:\/\/loewen-urnau.de\/index.php?rest_route=\/wp\/v2\/pages\/12","targetHints":{"allow":["GET"]}}],"collection":[{"href":"https:\/\/loewen-urnau.de\/index.php?rest_route=\/wp\/v2\/pages"}],"about":[{"href":"https:\/\/loewen-urnau.de\/index.php?rest_route=\/wp\/v2\/types\/page"}],"author":[{"embeddable":true,"href":"https:\/\/loewen-urnau.de\/index.php?rest_route=\/wp\/v2\/users\/1"}],"replies":[{"embeddable":true,"href":"https:\/\/loewen-urnau.de\/index.php?rest_route=%2Fwp%2Fv2%2Fcomments&post=12"}],"version-history":[{"count":1,"href":"https:\/\/loewen-urnau.de\/index.php?rest_route=\/wp\/v2\/pages\/12\/revisions"}],"predecessor-version":[{"id":13,"href":"https:\/\/loewen-urnau.de\/index.php?rest_route=\/wp\/v2\/pages\/12\/revisions\/13"}],"wp:attachment":[{"href":"https:\/\/loewen-urnau.de\/index.php?rest_route=%2Fwp%2Fv2%2Fmedia&parent=12"}],"curies":[{"name":"wp","href":"https:\/\/api.w.org\/{rel}","templated":true}]}}